{"id":2435,"date":"2024-02-14T11:03:26","date_gmt":"2024-02-14T10:03:26","guid":{"rendered":"https:\/\/p-a-group.de\/about-us\/faq\/"},"modified":"2024-06-03T11:48:44","modified_gmt":"2024-06-03T09:48:44","slug":"faq","status":"publish","type":"page","link":"https:\/\/p-a-group.de\/en\/faq\/","title":{"rendered":"FAQ"},"content":{"rendered":"<h1>FAQ<\/h1>\n<p><img decoding=\"async\" src=\"\/wp-content\/uploads\/2023\/08\/tyler-franta-iusJ25iYu1c-unsplash-1-scaled.jpg\" alt=\"\"><br \/>\n<img decoding=\"async\" src=\"\/wp-content\/uploads\/2024\/06\/AdobeStock_369977292.webp\" alt=\"\"><\/p>\n<ul>\n<li>\n<h3>In which industries does Work4Me hire?<\/h3>\n<div>\n<p>We offer you opportunities in a wide variety of professional fields and industries. Please find out more about our current job offers in our job exchange.<\/p>\n<\/div>\n<\/li>\n<li>\n<h3>How much is the salary at Work4Me?<\/h3>\n<div>\n<p>The salary at Work4Me varies and depends on various factors. The type of job, the employee&#8217;s tasks and responsibilities and the professional experience gained are crucial. The industry affiliation also influences the salary, as industry bonuses are paid in some industries.<\/p>\n<p>Work4Me pays according to the collective agreement. The remuneration &#8211; even in the lowest collective bargaining group &#8211; is always above the legal minimum wage.<\/p>\n<\/div>\n<\/li>\n<li>\n<h3>Since when has Work4Me existed?<\/h3>\n<div>\n<p>Work4Me was founded in 2020 by Maximilian Wagner. With branches in Mainz, Wiesbaden and Frankfurt, the Rhine-Main area is our core area.<\/p>\n<\/div>\n<\/li>\n<li>\n<h3>What documents do I need for my application?<\/h3>\n<div>\n<p>A short cover letter (ideally stating the earliest possible starting date), a chronologically arranged CV and all existing references and certificates should be submitted. In addition, everything that makes the qualification clear is required: part-time jobs, further training and further education, various driving licenses, e.g. for forklifts. But people and their motivation are also important to us. For example, if you don&#8217;t have a printer\/scanner, just come to us.<\/p>\n<\/div>\n<\/li>\n<li>\n<h3>Is there a probationary period? If yes, for how long?<\/h3>\n<div>\n<p>Yes. The probationary period for us is 6 months.<\/p>\n<\/div>\n<\/li>\n<li>\n<h3>Why temporary work?<\/h3>\n<div>\n<p>Temporary work can offer applicants a good springboard as it offers the opportunity to quickly gain experience in different industries and companies. This allows applicants to diversify their skills, build networks and potentially explore long-term job opportunities.<\/p>\n<\/div>\n<\/li>\n<\/ul>\n<ul>\n<li>\n<h3>What about the issue of occupational safety?<\/h3>\n<div>\n<p>In temporary employment, occupational safety is required by law to ensure the safety and health of employees. Temporary employment agencies are required to adhere to the same occupational health and safety standards as other companies. This includes measures such as risk assessments, training and the provision of appropriate protective equipment to ensure a safe working environment.<\/p>\n<\/div>\n<\/li>\n<li>\n<h3>Am I socially insured as an employee at Work4Me?<\/h3>\n<div>\n<p>Of course, Work4Me employees are registered with health, pension and unemployment insurance and the corresponding contributions are paid. All components of a normal employment relationship such as holiday entitlement or notice periods also apply to temporary employment.<\/p>\n<\/div>\n<\/li>\n<li>\n<h3>Can I be taken over by the customer company?<\/h3>\n<div>\n<p>Yes, the goal of our work is the long-term integration of our employees into the labor market. We are always happy when our employees show such good performance and commitment that the customer company can&#8217;t help but take them on. This shows us that we gave the right advice when selecting employees and workplaces.<\/p>\n<\/div>\n<\/li>\n<li>\n<h3>What qualifications do I need to have?<\/h3>\n<div>\n<p>We usually find the right lid for every pot. Apart from reliability, a high level of commitment and a certain level of German knowledge, there are usually no restrictions on temporary work.<\/p>\n<\/div>\n<\/li>\n<li>\n<h3>Welche Qualifikationen brauche ich?<\/h3>\n<div>In der Regel finden wir f\u00fcr jeden Topf den passenden Deckel.<br \/>\nAu\u00dfer Zuverl\u00e4ssigkeit, hoher Einsatzbereitschaft, Motivation und guten Deutschkenntnissen gibt es in der Regel keine Einschr\u00e4nkungen f\u00fcr die Zeitarbeit.<\/div>\n<\/li>\n<\/ul>\n<p><img decoding=\"async\" src=\"\/wp-content\/uploads\/2024\/06\/AdobeStock_661874357.webp\" alt=\"\"><\/p>\n<p><!--more--><br \/>\n<!-- {\"type\":\"layout\",\"children\":[{\"type\":\"section\",\"props\":{\"image_position\":\"center-center\",\"padding_remove_bottom\":true,\"style\":\"primary\",\"title_breakpoint\":\"xl\",\"title_position\":\"top-left\",\"title_rotation\":\"left\",\"vertical_align\":\"middle\",\"width\":\"default\"},\"children\":[{\"type\":\"row\",\"props\":{\"layout\":\"1-2,1-2\"},\"children\":[{\"type\":\"column\",\"props\":{\"image_position\":\"center-center\",\"position_sticky_breakpoint\":\"m\",\"vertical_align\":\"middle\",\"width_medium\":\"1-2\"},\"children\":[{\"type\":\"headline\",\"props\":{\"content\":\"FAQ\",\"title_element\":\"h1\",\"title_style\":\"heading-medium\"}}]},{\"type\":\"column\",\"props\":{\"image_position\":\"center-center\",\"position_sticky_breakpoint\":\"m\",\"width_medium\":\"1-2\"},\"children\":[{\"type\":\"image\",\"props\":{\"animation\":\"slide-right-medium\",\"image\":\"wp-content\\\/uploads\\\/2023\\\/08\\\/tyler-franta-iusJ25iYu1c-unsplash-1-scaled.jpg\",\"image_border\":\"rounded\",\"image_focal_point\":\"top-center\",\"image_height\":400,\"image_svg_color\":\"emphasis\",\"image_width\":\"600\",\"margin\":\"default\"}}]}]}],\"name\":\"HERO_2024-02-19\"},{\"type\":\"section\",\"props\":{\"animation\":\"fade\",\"animation_delay\":\"200\",\"image\":\"wp-content\\\/uploads\\\/2023\\\/11\\\/schwarzer-strich-hintergrund-scaled.jpg\",\"image_position\":\"center-center\",\"image_size\":\"cover\",\"media_focal_point\":\"bottom-center\",\"padding\":\"large\",\"padding_remove_bottom\":false,\"style\":\"default\",\"text_color\":\"dark\",\"title_breakpoint\":\"xl\",\"title_position\":\"top-left\",\"title_rotation\":\"left\",\"vertical_align\":\"middle\",\"width\":\"large\"},\"children\":[{\"type\":\"row\",\"children\":[{\"type\":\"column\",\"props\":{\"image_position\":\"center-center\",\"padding\":\"none\",\"position_sticky_breakpoint\":\"m\",\"vertical_align\":\"middle\",\"width_medium\":\"1-2\"},\"children\":[{\"type\":\"image\",\"props\":{\"css\":\".el-image{\\nborder-radius: 40px;\\n}\",\"image\":\"wp-content\\\/uploads\\\/2024\\\/06\\\/AdobeStock_369977292.webp\",\"image_height\":600,\"image_svg_color\":\"emphasis\",\"image_width\":\"700\",\"margin\":\"default\"}}]},{\"type\":\"column\",\"props\":{\"image_position\":\"center-center\",\"padding\":\"large\",\"position_sticky_breakpoint\":\"m\",\"vertical_align\":\"middle\",\"width_medium\":\"1-2\"},\"children\":[{\"type\":\"accordion\",\"props\":{\"collapsible\":true,\"content_column_breakpoint\":\"m\",\"image_align\":\"left\",\"image_grid_breakpoint\":\"m\",\"image_grid_width\":\"auto\",\"image_svg_color\":\"emphasis\",\"link_style\":\"default\",\"link_text\":\"Read more\",\"show_image\":true,\"show_link\":true},\"children\":[{\"type\":\"accordion_item\",\"props\":{\"content\":\"\n\n<p>We offer you opportunities in a wide variety of professional fields and industries. Please find out more about our current job offers in our job exchange.<\\\/p>\",\"image\":\"\",\"title\":\"In which industries does Work4Me hire?\"}},{\"type\":\"accordion_item\",\"props\":{\"content\":\"\n\n<p>The salary at Work4Me varies and depends on various factors. The type of job, the employee's tasks and responsibilities and the professional experience gained are crucial. The industry affiliation also influences the salary, as industry bonuses are paid in some industries.<\\\/p>\\n\n\n<p>Work4Me pays according to the collective agreement. The remuneration - even in the lowest collective bargaining group - is always above the legal minimum wage.<\\\/p>\",\"image\":\"\",\"title\":\"How much is the salary at Work4Me?\"}},{\"type\":\"accordion_item\",\"props\":{\"content\":\"\n\n<p>Work4Me was founded in 2020 by Maximilian Wagner. With branches in Mainz, Wiesbaden and Frankfurt, the Rhine-Main area is our core area.<\\\/p>\",\"image\":\"\",\"title\":\"Since when has Work4Me existed?\"}},{\"type\":\"accordion_item\",\"props\":{\"content\":\"\n\n<p>A short cover letter (ideally stating the earliest possible starting date), a chronologically arranged CV and all existing references and certificates should be submitted. In addition, everything that makes the qualification clear is required: part-time jobs, further training and further education, various driving licenses, e.g. for forklifts. But people and their motivation are also important to us. For example, if you don't have a printer\\\/scanner, just come to us.<\\\/p>\",\"image\":\"\",\"title\":\"What documents do I need for my application?\"}},{\"type\":\"accordion_item\",\"props\":{\"content\":\"\n\n<p>Yes. The probationary period for us is 6 months.<\\\/p>\",\"image\":\"\",\"title\":\"Is there a probationary period? If yes, for how long?\"}},{\"type\":\"accordion_item\",\"props\":{\"content\":\"\n\n<p>Temporary work can offer applicants a good springboard as it offers the opportunity to quickly gain experience in different industries and companies. This allows applicants to diversify their skills, build networks and potentially explore long-term job opportunities.<\\\/p>\",\"image\":\"\",\"title\":\"Why temporary work?\"}}]}]}],\"props\":{\"column_gap\":\"large\",\"layout\":\"1-2,1-2\"}},{\"type\":\"row\",\"props\":{\"column_gap\":\"large\",\"layout\":\"1-2,1-2\",\"row_gap\":\"large\"},\"children\":[{\"type\":\"column\",\"props\":{\"image_position\":\"center-center\",\"position_sticky_breakpoint\":\"m\",\"vertical_align\":\"middle\",\"width_medium\":\"1-2\"},\"children\":[{\"type\":\"accordion\",\"props\":{\"collapsible\":true,\"content_column_breakpoint\":\"m\",\"image_align\":\"left\",\"image_grid_breakpoint\":\"m\",\"image_grid_width\":\"auto\",\"image_svg_color\":\"emphasis\",\"link_style\":\"default\",\"link_text\":\"Read more\",\"show_image\":true,\"show_link\":true},\"children\":[{\"type\":\"accordion_item\",\"props\":{\"content\":\"\n\n<p>In temporary employment, occupational safety is required by law to ensure the safety and health of employees. Temporary employment agencies are required to adhere to the same occupational health and safety standards as other companies. This includes measures such as risk assessments, training and the provision of appropriate protective equipment to ensure a safe working environment.<\\\/p>\",\"image\":\"\",\"title\":\"What about the issue of occupational safety?\"}},{\"type\":\"accordion_item\",\"props\":{\"content\":\"\n\n<p>Of course, Work4Me employees are registered with health, pension and unemployment insurance and the corresponding contributions are paid. All components of a normal employment relationship such as holiday entitlement or notice periods also apply to temporary employment.<\\\/p>\",\"image\":\"\",\"title\":\"Am I socially insured as an employee at Work4Me?\"}},{\"type\":\"accordion_item\",\"props\":{\"content\":\"\n\n<p>Yes, the goal of our work is the long-term integration of our employees into the labor market. We are always happy when our employees show such good performance and commitment that the customer company can't help but take them on. This shows us that we gave the right advice when selecting employees and workplaces.<\\\/p>\",\"image\":\"\",\"title\":\"Can I be taken over by the customer company?\"}},{\"type\":\"accordion_item\",\"props\":{\"content\":\"\n\n<p>We usually find the right lid for every pot. Apart from reliability, a high level of commitment and a certain level of German knowledge, there are usually no restrictions on temporary work.<\\\/p>\",\"image\":\"\",\"title\":\"What qualifications do I need to have?\"}},{\"type\":\"accordion_item\",\"props\":{\"content\":\"In der Regel finden wir f\\u00fcr jeden Topf den passenden Deckel.\\nAu\\u00dfer Zuverl\\u00e4ssigkeit, hoher Einsatzbereitschaft, Motivation und guten Deutschkenntnissen gibt es in der Regel keine Einschr\\u00e4nkungen f\\u00fcr die Zeitarbeit.\",\"image\":\"\",\"title\":\"Welche Qualifikationen brauche ich?\"}}]}]},{\"type\":\"column\",\"props\":{\"image_position\":\"center-center\",\"position_sticky_breakpoint\":\"m\",\"width_medium\":\"1-2\"},\"children\":[{\"type\":\"image\",\"props\":{\"css\":\".el-image{\\nborder-radius: 40px;\\n}\",\"image\":\"wp-content\\\/uploads\\\/2024\\\/06\\\/AdobeStock_661874357.webp\",\"image_height\":600,\"image_svg_color\":\"emphasis\",\"image_width\":\"700\",\"margin\":\"default\"}}]}]}],\"name\":\"Wei\\u00df\"}],\"version\":\"4.3.5\",\"yooessentialsVersion\":\"2.2.6\"} --><\/p>\n","protected":false},"excerpt":{"rendered":"<p>FAQ In which industries does Work4Me hire? We offer you opportunities in a wide variety of professional fields and industries. Please find out more about our current job offers in our job exchange. How much is the salary at Work4Me? The salary at Work4Me varies and depends on various factors. The type of job, the [&hellip;]<\/p>\n","protected":false},"author":3,"featured_media":0,"parent":0,"menu_order":0,"comment_status":"closed","ping_status":"closed","template":"","meta":{"footnotes":""},"class_list":["post-2435","page","type-page","status-publish","hentry"],"yoast_head":"<!-- This site is optimized with the Yoast SEO plugin v27.1.1 - https:\/\/yoast.com\/product\/yoast-seo-wordpress\/ -->\n<title>FAQ | P&amp;A Group GmbH &amp; Co. KG<\/title>\n<meta name=\"description\" content=\"&quot;Got questions? Check out our FAQ section! \ud83d\udcda Find answers to common queries on our website.&quot;\" \/>\n<meta name=\"robots\" content=\"index, follow, max-snippet:-1, max-image-preview:large, max-video-preview:-1\" \/>\n<link rel=\"canonical\" href=\"https:\/\/p-a-group.de\/en\/faq\/\" \/>\n<meta property=\"og:locale\" content=\"en_US\" \/>\n<meta property=\"og:type\" content=\"article\" \/>\n<meta property=\"og:title\" content=\"FAQ | P&amp;A Group GmbH &amp; Co. KG\" \/>\n<meta property=\"og:description\" content=\"&quot;Got questions? Check out our FAQ section! \ud83d\udcda Find answers to common queries on our website.&quot;\" \/>\n<meta property=\"og:url\" content=\"https:\/\/p-a-group.de\/en\/faq\/\" \/>\n<meta property=\"og:site_name\" content=\"P&amp;A Group GmbH &amp; Co. KG\" \/>\n<meta property=\"article:modified_time\" content=\"2024-06-03T09:48:44+00:00\" \/>\n<meta name=\"twitter:card\" content=\"summary_large_image\" \/>\n<meta name=\"twitter:label1\" content=\"Est. reading time\" \/>\n\t<meta name=\"twitter:data1\" content=\"3 minutes\" \/>\n<!-- \/ Yoast SEO plugin. -->","yoast_head_json":{"title":"FAQ | P&A Group GmbH & Co. KG","description":"\"Got questions? Check out our FAQ section! \ud83d\udcda Find answers to common queries on our website.\"","robots":{"index":"index","follow":"follow","max-snippet":"max-snippet:-1","max-image-preview":"max-image-preview:large","max-video-preview":"max-video-preview:-1"},"canonical":"https:\/\/p-a-group.de\/en\/faq\/","og_locale":"en_US","og_type":"article","og_title":"FAQ | P&A Group GmbH & Co. KG","og_description":"\"Got questions? Check out our FAQ section! \ud83d\udcda Find answers to common queries on our website.\"","og_url":"https:\/\/p-a-group.de\/en\/faq\/","og_site_name":"P&A Group GmbH & Co. KG","article_modified_time":"2024-06-03T09:48:44+00:00","twitter_card":"summary_large_image","twitter_misc":{"Est. reading time":"3 minutes"},"schema":{"@context":"https:\/\/schema.org","@graph":[{"@type":"WebPage","@id":"https:\/\/p-a-group.de\/en\/faq\/","url":"https:\/\/p-a-group.de\/en\/faq\/","name":"FAQ | P&A Group GmbH & Co. KG","isPartOf":{"@id":"https:\/\/p-a-group.de\/en\/#website"},"datePublished":"2024-02-14T10:03:26+00:00","dateModified":"2024-06-03T09:48:44+00:00","description":"\"Got questions? Check out our FAQ section! \ud83d\udcda Find answers to common queries on our website.\"","breadcrumb":{"@id":"https:\/\/p-a-group.de\/en\/faq\/#breadcrumb"},"inLanguage":"en-US","potentialAction":[{"@type":"ReadAction","target":["https:\/\/p-a-group.de\/en\/faq\/"]}]},{"@type":"BreadcrumbList","@id":"https:\/\/p-a-group.de\/en\/faq\/#breadcrumb","itemListElement":[{"@type":"ListItem","position":1,"name":"Startseite","item":"https:\/\/p-a-group.de\/en\/"},{"@type":"ListItem","position":2,"name":"About Us","item":"https:\/\/p-a-group.de\/en\/about-us\/"},{"@type":"ListItem","position":3,"name":"FAQ"}]},{"@type":"WebSite","@id":"https:\/\/p-a-group.de\/en\/#website","url":"https:\/\/p-a-group.de\/en\/","name":"P&A Group GmbH & Co. KG","description":"","potentialAction":[{"@type":"SearchAction","target":{"@type":"EntryPoint","urlTemplate":"https:\/\/p-a-group.de\/en\/?s={search_term_string}"},"query-input":{"@type":"PropertyValueSpecification","valueRequired":true,"valueName":"search_term_string"}}],"inLanguage":"en-US"}]}},"_links":{"self":[{"href":"https:\/\/p-a-group.de\/en\/wp-json\/wp\/v2\/pages\/2435","targetHints":{"allow":["GET"]}}],"collection":[{"href":"https:\/\/p-a-group.de\/en\/wp-json\/wp\/v2\/pages"}],"about":[{"href":"https:\/\/p-a-group.de\/en\/wp-json\/wp\/v2\/types\/page"}],"author":[{"embeddable":true,"href":"https:\/\/p-a-group.de\/en\/wp-json\/wp\/v2\/users\/3"}],"replies":[{"embeddable":true,"href":"https:\/\/p-a-group.de\/en\/wp-json\/wp\/v2\/comments?post=2435"}],"version-history":[{"count":9,"href":"https:\/\/p-a-group.de\/en\/wp-json\/wp\/v2\/pages\/2435\/revisions"}],"predecessor-version":[{"id":2885,"href":"https:\/\/p-a-group.de\/en\/wp-json\/wp\/v2\/pages\/2435\/revisions\/2885"}],"wp:attachment":[{"href":"https:\/\/p-a-group.de\/en\/wp-json\/wp\/v2\/media?parent=2435"}],"curies":[{"name":"wp","href":"https:\/\/api.w.org\/{rel}","templated":true}]}}