{"id":2678,"date":"2024-02-14T11:02:22","date_gmt":"2024-02-14T10:02:22","guid":{"rendered":"https:\/\/p-a-group.de\/personnel-request\/"},"modified":"2024-06-03T16:09:32","modified_gmt":"2024-06-03T14:09:32","slug":"personnel-request","status":"publish","type":"page","link":"https:\/\/p-a-group.de\/en\/personnel-request\/","title":{"rendered":"Personnel request"},"content":{"rendered":"<p><!--more--><br \/>\n<!-- {\"type\":\"layout\",\"children\":[{\"type\":\"section\",\"props\":{\"image_position\":\"center-center\",\"style\":\"default\",\"title_breakpoint\":\"xl\",\"title_position\":\"top-left\",\"title_rotation\":\"left\",\"vertical_align\":\"middle\",\"width\":\"default\"},\"children\":[{\"type\":\"row\",\"children\":[{\"type\":\"column\",\"props\":{\"image_position\":\"center-center\",\"position_sticky_breakpoint\":\"m\"},\"children\":[{\"type\":\"cf-step-form\",\"props\":{\"adminMailFormUser\":\"Yes\",\"admin_email\":\"\n\n<p><span>You have received a new contact enquiry via your website form.<\\\/span><\\\/p>\\n\n\n<p><strong>What services can we support you with?<\\\/strong><br \\\/>%Services<\\\/p>\\n\n\n<p><strong>For which activity are you looking for employees?<\\\/strong><br \\\/>%T\\u00e4tigkeit<\\\/p>\\n\n\n<p><strong>How many employees are you looking for?<\\\/strong><br \\\/>%Mitarbeiteranzahl<\\\/p>\\n\n\n<p><strong>What is the postal code of the location?<\\\/strong><br \\\/>%PLZ<\\\/p>\\n\n\n<p><strong>When is the earliest start date?<\\\/strong><br \\\/>%Einsatzdatum<\\\/p>\\n\n\n<p><strong>Do you have any comments?<\\\/strong><br \\\/>%Anmerkungen<\\\/p>\\n\n\n<p><strong>First name<\\\/strong><br \\\/>%Vorname<\\\/p>\\n\n\n<p><strong>Last name<\\\/strong><br \\\/>%Nachname<\\\/p>\\n\n\n<p><strong>E-mail address<\\\/strong><br \\\/>%E-Mail<\\\/p>\\n\n\n<p><strong>Phone number<\\\/strong><br \\\/>%Telefon<\\\/p>\\n\n\n<p><strong>Job title<\\\/strong><br \\\/>%Jobtitel<\\\/p>\\n\n\n<p><strong>Company<\\\/strong><br \\\/>%Company<\\\/p>\\n\n\n<p><strong>Privacy policy consent<\\\/strong><br \\\/>%Datenschutz<\\\/p>\",\"admin_email_address\":\"info@work4me.de\",\"admin_email_subject\":\"A new message from the website contact form\",\"button\":\"primary\",\"captcha_align\":\"left\",\"captcha_type\":\"recaptcha\",\"card_hover\":false,\"card_style\":\"default\",\"css\":\".el-label{\\n color: #000;  \\n    font-weight: 800;\\n}\",\"db_save\":true,\"form_layout\":\"stacked\",\"form_redirect\":true,\"form_redirect_page\":\"\\\/en\\\/thank-you\\\/\",\"notification\":false,\"notification_message\":\"\n\n<p>Wir haben Ihre Nachricht erhalten und melden uns schnellstm\\u00f6glich zur\\u00fcck!<\\\/p>\\n\n\n<p>Mit freundlichen Gr\\u00fc\\u00dfen,<br \\\/>Ihr Work4Me-Team<\\\/p>\",\"notification_position\":\"top-center\",\"notification_style\":\"success\",\"notification_timeout\":5000,\"reCaptcha_pos\":\"bottomright\",\"reCaptcha_size\":\"normal\",\"reCaptcha_theme\":\"light\",\"reCaptcha_type\":\"v3\",\"send_email_user\":false,\"show_after_submission\":true,\"spamcheck_failed\":\"reCAPTCHA verification failed. Please try again.\",\"submit_button\":\"primary\",\"submit_icon\":\"arrow-right\",\"submit_icon_position\":1,\"submit_page\":\"\n\n<p style=\\\"text-align: center;\\\">Please check your details carefully before submitting the form. Make sure that all fields are filled in correctly so that we can process your enquiry in the best possible way. If all the information is correct, please click on \\u2018Send\\u2019 to finalise the process. Thank you for your time and trust!<\\\/p>\",\"submit_page_headline_position\":\"left\",\"submit_position\":\"center\",\"submit_text\":\"Send\",\"submit_width\":\"form-width-large\",\"use_captcha\":true,\"user_email_address\":\"E-Mail\",\"website_key\":\"6Leds-8pAAAAALLzmI6qVinh-XZsXF2YgYIPKG5P\"},\"children\":[{\"type\":\"cf-step-form_item\",\"props\":{\"area_rows\":10,\"break\":true,\"headline\":\"WHAT SERVICES CAN WE SUPPORT YOU WITH?\",\"headline_position\":\"left\",\"input_newline\":true,\"input_placeholder\":\"Select\",\"input_required\":true,\"input_text_type\":\"text\",\"input_type\":\"checkbox\",\"input_values\":\"Temporary work \\\/ temporary employment;Personnel placement \\\/ direct placement; Inhouse-Outsourcing; On Site Management; General information\",\"skip\":false,\"title\":\"Services\"}},{\"type\":\"cf-step-form_item\",\"props\":{\"area_rows\":10,\"break\":false,\"headline\":\"PLEASE DESCRIBE YOUR PERSONNEL REQUIREMENTS!\",\"headline_position\":\"left\",\"input_placeholder\":\"Select\",\"input_required\":false,\"input_text_type\":\"text\",\"title\":\"PLEASE DESCRIBE YOUR PERSONNEL REQUIREMENTS!\"}},{\"type\":\"cf-step-form_item\",\"props\":{\"area_rows\":10,\"break\":false,\"headline_position\":\"left\",\"input_placeholder\":\"Select\",\"input_required\":true,\"input_text_type\":\"text\",\"input_type\":\"input\",\"title\":\"T\\u00e4tigkeit\",\"top_description\":\"\n\n<p>For which activity are you looking for employees? *<\\\/p>\"}},{\"type\":\"cf-step-form_item\",\"props\":{\"area_rows\":10,\"break\":false,\"headline_position\":\"left\",\"input_placeholder\":\"Select\",\"input_required\":true,\"input_text_type\":\"text\",\"input_type\":\"input\",\"title\":\"Mitarbeiteranzahl\",\"top_description\":\"\n\n<p>How many employees are you looking for? *<\\\/p>\"}},{\"type\":\"cf-step-form_item\",\"props\":{\"area_rows\":10,\"break\":false,\"headline_position\":\"left\",\"input_placeholder\":\"Select\",\"input_required\":true,\"input_text_type\":\"text\",\"input_type\":\"input\",\"title\":\"PLZ\",\"top_description\":\"\n\n<p>What is the postal code of the location? *<\\\/p>\"}},{\"type\":\"cf-step-form_item\",\"props\":{\"area_rows\":10,\"break\":true,\"headline_position\":\"left\",\"input_placeholder\":\"Select\",\"input_required\":true,\"input_text_type\":\"text\",\"input_type\":\"input\",\"title\":\"Einsatzdatum\",\"top_description\":\"\n\n<p>When is the earliest start date? *<\\\/p>\"}},{\"type\":\"cf-step-form_item\",\"props\":{\"area_placeholder\":\"e.g. driving license is required\",\"area_rows\":3,\"break\":true,\"headline\":\"DO YOU HAVE ANY COMMENTS?\",\"headline_position\":\"left\",\"input_placeholder\":\"Select\",\"input_text_type\":\"text\",\"input_type\":\"textarea\",\"title\":\"Anmerkungen\",\"top_description\":\"\n\n<p>Do you have any comments or information that we should be aware of?<\\\/p>\"}},{\"type\":\"cf-step-form_item\",\"props\":{\"area_placeholder\":\"z.B. F\\u00fchrerschein wird ben\\u00f6tigt\",\"area_rows\":5,\"break\":false,\"headline\":\"How can we reach you?\",\"headline_position\":\"left\",\"input_placeholder\":\"Select\",\"input_required\":false,\"input_text_type\":\"text\",\"placeholder\":\"Vorname\",\"title\":\"HOW CAN WE REACH YOU?\"}},{\"type\":\"cf-step-form_item\",\"props\":{\"area_placeholder\":\"z.B. F\\u00fchrerschein wird ben\\u00f6tigt\",\"area_rows\":5,\"break\":false,\"headline_position\":\"left\",\"input_placeholder\":\"Select\",\"input_required\":true,\"input_text_type\":\"text\",\"input_type\":\"input\",\"placeholder\":\"First name *\",\"title\":\"Vorname\"}},{\"type\":\"cf-step-form_item\",\"props\":{\"area_placeholder\":\"z.B. F\\u00fchrerschein wird ben\\u00f6tigt\",\"area_rows\":5,\"break\":false,\"headline_position\":\"left\",\"input_placeholder\":\"Select\",\"input_required\":true,\"input_text_type\":\"text\",\"input_type\":\"input\",\"placeholder\":\"Last name *\",\"title\":\"Nachname\"}},{\"type\":\"cf-step-form_item\",\"props\":{\"area_placeholder\":\"z.B. F\\u00fchrerschein wird ben\\u00f6tigt\",\"area_rows\":5,\"break\":false,\"headline_position\":\"left\",\"icon\":\"mail\",\"input_placeholder\":\"Select\",\"input_required\":true,\"input_text_type\":\"text\",\"input_type\":\"input\",\"placeholder\":\"E-mail address *\",\"title\":\"E-Mail\"}},{\"type\":\"cf-step-form_item\",\"props\":{\"area_placeholder\":\"z.B. F\\u00fchrerschein wird ben\\u00f6tigt\",\"area_rows\":5,\"break\":false,\"headline_position\":\"left\",\"icon\":\"receiver\",\"input_placeholder\":\"Select\",\"input_required\":true,\"input_text_type\":\"tel\",\"input_type\":\"input\",\"placeholder\":\"Phone number *\",\"title\":\"Telefon\"}},{\"type\":\"cf-step-form_item\",\"props\":{\"area_placeholder\":\"z.B. F\\u00fchrerschein wird ben\\u00f6tigt\",\"area_rows\":5,\"break\":false,\"headline_position\":\"left\",\"input_placeholder\":\"Select\",\"input_required\":true,\"input_text_type\":\"text\",\"input_type\":\"input\",\"placeholder\":\"Job title *\",\"title\":\"Jobtitel\"}},{\"type\":\"cf-step-form_item\",\"props\":{\"area_placeholder\":\"z.B. F\\u00fchrerschein wird ben\\u00f6tigt\",\"area_rows\":5,\"break\":false,\"headline_position\":\"left\",\"input_placeholder\":\"Select\",\"input_required\":true,\"input_text_type\":\"text\",\"input_type\":\"input\",\"placeholder\":\"Company *\",\"title\":\"Company\"}},{\"type\":\"cf-step-form_item\",\"props\":{\"area_placeholder\":\"z.B. F\\u00fchrerschein wird ben\\u00f6tigt\",\"area_rows\":5,\"break\":false,\"headline_position\":\"left\",\"input_placeholder\":\"Select\",\"input_required\":true,\"input_text_type\":\"text\",\"input_type\":\"checkbox\",\"input_values\":\"I have read and accepted the <a href=\\\"\\\/en\\\/data-protection\\\/\\\">privacy policy<\\\/a>. *\",\"placeholder\":\"Unternehmen\",\"title\":\"Datenschutz\"}}]}]}]}]}],\"version\":\"4.3.5\",\"yooessentialsVersion\":\"2.2.14\"} --><\/p>\n","protected":false},"excerpt":{"rendered":"","protected":false},"author":3,"featured_media":0,"parent":0,"menu_order":0,"comment_status":"closed","ping_status":"closed","template":"","meta":{"footnotes":""},"class_list":["post-2678","page","type-page","status-publish","hentry"],"yoast_head":"<!-- This site is optimized with the Yoast SEO plugin v27.1.1 - https:\/\/yoast.com\/product\/yoast-seo-wordpress\/ -->\n<title>Personnel request | P&amp;A Group GmbH &amp; Co. KG<\/title>\n<meta name=\"description\" content=\"&quot;Do you need qualified workers? \ud83d\udee0\ufe0f Send your personnel request today! Entdecken Sie ma\u00dfgeschneiderte Personall\u00f6sungen f\u00fcr Ihr Unternehmen.&quot;\" \/>\n<meta name=\"robots\" content=\"index, follow, max-snippet:-1, max-image-preview:large, max-video-preview:-1\" \/>\n<link rel=\"canonical\" href=\"https:\/\/p-a-group.de\/en\/personnel-request\/\" \/>\n<meta property=\"og:locale\" content=\"en_US\" \/>\n<meta property=\"og:type\" content=\"article\" \/>\n<meta property=\"og:title\" content=\"Personnel request | P&amp;A Group GmbH &amp; Co. KG\" \/>\n<meta property=\"og:description\" content=\"&quot;Do you need qualified workers? \ud83d\udee0\ufe0f Send your personnel request today! Entdecken Sie ma\u00dfgeschneiderte Personall\u00f6sungen f\u00fcr Ihr Unternehmen.&quot;\" \/>\n<meta property=\"og:url\" content=\"https:\/\/p-a-group.de\/en\/personnel-request\/\" \/>\n<meta property=\"og:site_name\" content=\"P&amp;A Group GmbH &amp; Co. KG\" \/>\n<meta property=\"article:modified_time\" content=\"2024-06-03T14:09:32+00:00\" \/>\n<meta name=\"twitter:card\" content=\"summary_large_image\" \/>\n<!-- \/ Yoast SEO plugin. -->","yoast_head_json":{"title":"Personnel request | P&A Group GmbH & Co. KG","description":"\"Do you need qualified workers? \ud83d\udee0\ufe0f Send your personnel request today! Entdecken Sie ma\u00dfgeschneiderte Personall\u00f6sungen f\u00fcr Ihr Unternehmen.\"","robots":{"index":"index","follow":"follow","max-snippet":"max-snippet:-1","max-image-preview":"max-image-preview:large","max-video-preview":"max-video-preview:-1"},"canonical":"https:\/\/p-a-group.de\/en\/personnel-request\/","og_locale":"en_US","og_type":"article","og_title":"Personnel request | P&A Group GmbH & Co. KG","og_description":"\"Do you need qualified workers? \ud83d\udee0\ufe0f Send your personnel request today! Entdecken Sie ma\u00dfgeschneiderte Personall\u00f6sungen f\u00fcr Ihr Unternehmen.\"","og_url":"https:\/\/p-a-group.de\/en\/personnel-request\/","og_site_name":"P&A Group GmbH & Co. KG","article_modified_time":"2024-06-03T14:09:32+00:00","twitter_card":"summary_large_image","schema":{"@context":"https:\/\/schema.org","@graph":[{"@type":"WebPage","@id":"https:\/\/p-a-group.de\/en\/personnel-request\/","url":"https:\/\/p-a-group.de\/en\/personnel-request\/","name":"Personnel request | P&A Group GmbH & Co. KG","isPartOf":{"@id":"https:\/\/p-a-group.de\/en\/#website"},"datePublished":"2024-02-14T10:02:22+00:00","dateModified":"2024-06-03T14:09:32+00:00","description":"\"Do you need qualified workers? \ud83d\udee0\ufe0f Send your personnel request today! Entdecken Sie ma\u00dfgeschneiderte Personall\u00f6sungen f\u00fcr Ihr Unternehmen.\"","breadcrumb":{"@id":"https:\/\/p-a-group.de\/en\/personnel-request\/#breadcrumb"},"inLanguage":"en-US","potentialAction":[{"@type":"ReadAction","target":["https:\/\/p-a-group.de\/en\/personnel-request\/"]}]},{"@type":"BreadcrumbList","@id":"https:\/\/p-a-group.de\/en\/personnel-request\/#breadcrumb","itemListElement":[{"@type":"ListItem","position":1,"name":"Startseite","item":"https:\/\/p-a-group.de\/en\/"},{"@type":"ListItem","position":2,"name":"Personnel request"}]},{"@type":"WebSite","@id":"https:\/\/p-a-group.de\/en\/#website","url":"https:\/\/p-a-group.de\/en\/","name":"P&A Group GmbH & Co. KG","description":"","potentialAction":[{"@type":"SearchAction","target":{"@type":"EntryPoint","urlTemplate":"https:\/\/p-a-group.de\/en\/?s={search_term_string}"},"query-input":{"@type":"PropertyValueSpecification","valueRequired":true,"valueName":"search_term_string"}}],"inLanguage":"en-US"}]}},"_links":{"self":[{"href":"https:\/\/p-a-group.de\/en\/wp-json\/wp\/v2\/pages\/2678","targetHints":{"allow":["GET"]}}],"collection":[{"href":"https:\/\/p-a-group.de\/en\/wp-json\/wp\/v2\/pages"}],"about":[{"href":"https:\/\/p-a-group.de\/en\/wp-json\/wp\/v2\/types\/page"}],"author":[{"embeddable":true,"href":"https:\/\/p-a-group.de\/en\/wp-json\/wp\/v2\/users\/3"}],"replies":[{"embeddable":true,"href":"https:\/\/p-a-group.de\/en\/wp-json\/wp\/v2\/comments?post=2678"}],"version-history":[{"count":30,"href":"https:\/\/p-a-group.de\/en\/wp-json\/wp\/v2\/pages\/2678\/revisions"}],"predecessor-version":[{"id":2931,"href":"https:\/\/p-a-group.de\/en\/wp-json\/wp\/v2\/pages\/2678\/revisions\/2931"}],"wp:attachment":[{"href":"https:\/\/p-a-group.de\/en\/wp-json\/wp\/v2\/media?parent=2678"}],"curies":[{"name":"wp","href":"https:\/\/api.w.org\/{rel}","templated":true}]}}